{"id":10123,"date":"2015-10-27T15:27:31","date_gmt":"2015-10-27T14:27:31","guid":{"rendered":"http:\/\/www.hessenpark.de\/en\/hessenpark\/hessenparklexikon\/"},"modified":"2023-09-13T14:17:20","modified_gmt":"2023-09-13T12:17:20","slug":"referencepages","status":"publish","type":"page","link":"https:\/\/www.hessenpark.de\/en\/hessenpark\/referencepages\/","title":{"rendered":"Hessenpark Reference pages"},"content":{"rendered":"<div class=\"container-fluid no-background-color\" id=\"hessenpark_reference_pages\">\r\n\t<div class=\"container headline\">\r\n\t\t<div class=\"row\">\r\n\t\t\t<div class=\"col-12 text-center\">\r\n\t\t\t\t<h1 class=\"text-light-green\">\r\n\t\t\t\tHessenpark Reference Pages\t\t\t<\/h1>\r\n\t\t<\/div>\r\n\t<\/div>\r\n<\/div>\r\n<\/div>\n\n<div class=\"container-fluid no-background-color\">\r\n\t<div class=\"container simple_content\">\r\n\t\t<div class=\"row\">\r\n\t\t\t<div class=\"col-12\">\r\n\t\t\t\t<div class=\" \">\r\n\t\t\t\t\t<p>The Hessenpark reference pages provide you with extensive information on our Open Air Museum. Which historical buildings can be found in which ensemble? When was the church from the town of Niederh\u00f6rlen constructed? Where can I visit which of the permanent exhibitions? Which rare livestock breeds live on site? What is up with the Hessenpark\u2019s designation as \u201cArchepark\u201d? Which traditional crafts are demonstrated on the museum site? You will find answers to these questions and more in our encyclopaedia. Using the search bar, you can search for specific information or you can just browse the site \u2013 as you like it.<\/p>\n\t\t\t\t<\/div>\r\n\t\t\t<\/div>\r\n\t\t<\/div>\r\n\t<\/div>\r\n<\/div>\n\n\r\n\t<div class=\"container-fluid no-background-color\">\r\n\t\t<div class=\"container polaroids polaroids_slider\">\r\n\t\t\t<div class=\"row \">\r\n\t\t\t\t<div class=\"col-12\">\r\n\t\t\t\t\t<div data-slick='{\r\n\t\t\t\t\t\t\t\"slidesToShow\": 4,\r\n\t\t\t\t\t\t\t\"slidesToScroll\": 4,\r\n\t\t\t\t\t\t\t\"autoplay\": 1,\r\n\t\t\t\t\t\t\t\"autoplaySpeed\": 5000,\r\n\t\t\t\t\t\t\t\"responsive\": [\r\n\t\t\t\t\t\t\t    {\r\n\t\t\t\t\t\t\t        \"breakpoint\": 991,\r\n\t\t\t\t\t\t\t        \"settings\": {\r\n\t\t\t\t\t\t\t            \"slidesToShow\": 3,\r\n\t\t\t\t\t\t\t            \"slidesToScroll\": 3\r\n                                    }\r\n                                },\r\n                                {\r\n                                    \"breakpoint\": 768,\r\n                                    \"settings\": {\r\n                                        \"slidesToShow\": 2,\r\n\t\t\t\t\t\t\t            \"slidesToScroll\": 2\r\n                                    }\r\n                                },\r\n                                {\r\n                                    \"breakpoint\": 480,\r\n                                    \"settings\": {\r\n                                        \"slidesToShow\": 1,\r\n\t\t\t\t\t\t\t            \"slidesToScroll\": 1\r\n                                    }\r\n                                }\r\n                            ]\r\n\t\t\t\t\t\t\t}'\r\n\t\t\t\t\t\t class=\"slick-gallery slide\"\r\n\t\t\t\t\t\t id=\"carousel-\">\r\n\t\t\t\t\t\t\t\t\t\t\t\t\t\t<div>\r\n\t\t\t\t\t\t\t\t\t<div class=\"loops-wrapper grid1 polaroid light-green\">\r\n\t\t\t\t\t\t\t\t\t\t<article\r\n\t\t\t\t\t\t\t\t\t\t\t\tclass=\"post clearfix type-post format-standard\">\r\n\t\t\t\t\t\t\t\t\t\t\t<figure class=\"post-image clearfix\">\r\n\t\t\t\t\t\t\t\t\t\t\t\t<a href=\"https:\/\/www.hessenpark.de\/en\/lexikon\/landwirtschaft\/\">\r\n\t\t\t\t\t\t\t\t\t\t\t\t\t<img loading=\"lazy\" decoding=\"async\" src=\"https:\/\/www.hessenpark.de\/wp-content\/uploads\/Misthaufen_Niedergemuenden-380x380.jpg\"\r\n\t\t\t\t\t\t\t\t\t\t\t\t\t\t width=\"380\"\r\n\t\t\t\t\t\t\t\t\t\t\t\t\t\t height=\"380\"\r\n\t\t\t\t\t\t\t\t\t\t\t\t\t\t title=\"Misthaufen_Niedergemuenden\"\r\n\t\t\t\t\t\t\t\t\t\t\t\t\t\t alt=\"In der Hofanlage aus Niedergem\u00fcnden tummeln sich die Vorwerkh\u00fchner auf dem gro\u00dfen Misthaufen.\">\r\n\t\t\t\t\t\t\t\t\t\t\t\t<\/a>\r\n\t\t\t\t\t\t\t\t\t\t\t<\/figure>\r\n\t\t\t\t\t\t\t\t\t\t\t<div class=\"post-content\">\r\n\t\t\t\t\t\t\t\t\t\t\t\t\t\t\t\t\t\t\t\t\t\t\t\t<a class=\"imagelink\"\r\n\t\t\t\t\t\t\t\t\t\t\t\t   href=\"https:\/\/www.hessenpark.de\/en\/lexikon\/landwirtschaft\/\"\r\n\t\t\t\t\t\t\t\t\t\t\t\t   title=\"Agriculture\"\r\n\t\t\t\t\t\t\t\t\t\t\t\t   aria-label=\"Agriculture\">\r\n\t\t\t\t\t\t\t\t\t\t\t\t\t\t\t\t\t\t\t\t\t\t\t\t\t\tAgriculture\t\t\t\t\t\t\t\t\t\t\t\t\t\t\t\t\t\t\t\t\t\t\t\t\t<\/a>\r\n\t\t\t\t\t\t\t\t\t\t\t\t\t\t\t\t\t\t\t\t\t\t<\/div>\r\n\t\t\t\t\t\t\t\t\t\t<\/article>\r\n\t\t\t\t\t\t\t\t\t<\/div>\r\n\t\t\t\t\t\t\t\t\t\r\n\t\t\t\t\t\t\t\t\t\t\t\t\t\t\t\t\t<\/div>\r\n\t\t\t\t\t\t\t\t\t\t\t\t\t\t\t\t<div>\r\n\t\t\t\t\t\t\t\t\t<div class=\"loops-wrapper grid1 polaroid light-green\">\r\n\t\t\t\t\t\t\t\t\t\t<article\r\n\t\t\t\t\t\t\t\t\t\t\t\tclass=\"post clearfix type-post format-standard\">\r\n\t\t\t\t\t\t\t\t\t\t\t<figure class=\"post-image clearfix\">\r\n\t\t\t\t\t\t\t\t\t\t\t\t<a href=\"https:\/\/www.hessenpark.de\/en\/lexikon\/handwerk\/\">\r\n\t\t\t\t\t\t\t\t\t\t\t\t\t<img loading=\"lazy\" decoding=\"async\" src=\"https:\/\/www.hessenpark.de\/wp-content\/uploads\/DSC7919-e1471942139158-380x380.jpg\"\r\n\t\t\t\t\t\t\t\t\t\t\t\t\t\t width=\"380\"\r\n\t\t\t\t\t\t\t\t\t\t\t\t\t\t height=\"380\"\r\n\t\t\t\t\t\t\t\t\t\t\t\t\t\t title=\"Werkstatt aus M\u00fcnchhausen\"\r\n\t\t\t\t\t\t\t\t\t\t\t\t\t\t alt=\"Blick in die Werkstatt aus M\u00fcnchhausen (Wagnerei)\">\r\n\t\t\t\t\t\t\t\t\t\t\t\t<\/a>\r\n\t\t\t\t\t\t\t\t\t\t\t<\/figure>\r\n\t\t\t\t\t\t\t\t\t\t\t<div class=\"post-content\">\r\n\t\t\t\t\t\t\t\t\t\t\t\t\t\t\t\t\t\t\t\t\t\t\t\t<a class=\"imagelink\"\r\n\t\t\t\t\t\t\t\t\t\t\t\t   href=\"https:\/\/www.hessenpark.de\/en\/lexikon\/handwerk\/\"\r\n\t\t\t\t\t\t\t\t\t\t\t\t   title=\"Crafts\"\r\n\t\t\t\t\t\t\t\t\t\t\t\t   aria-label=\"Crafts\">\r\n\t\t\t\t\t\t\t\t\t\t\t\t\t\t\t\t\t\t\t\t\t\t\t\t\t\tCrafts\t\t\t\t\t\t\t\t\t\t\t\t\t\t\t\t\t\t\t\t\t\t\t\t\t<\/a>\r\n\t\t\t\t\t\t\t\t\t\t\t\t\t\t\t\t\t\t\t\t\t\t<\/div>\r\n\t\t\t\t\t\t\t\t\t\t<\/article>\r\n\t\t\t\t\t\t\t\t\t<\/div>\r\n\t\t\t\t\t\t\t\t\t\r\n\t\t\t\t\t\t\t\t\t\t\t\t\t\t\t\t\t<\/div>\r\n\t\t\t\t\t\t\t\t\t\t\t\t\t\t\t\t<div>\r\n\t\t\t\t\t\t\t\t\t<div class=\"loops-wrapper grid1 polaroid light-green\">\r\n\t\t\t\t\t\t\t\t\t\t<article\r\n\t\t\t\t\t\t\t\t\t\t\t\tclass=\"post clearfix type-post format-standard\">\r\n\t\t\t\t\t\t\t\t\t\t\t<figure class=\"post-image clearfix\">\r\n\t\t\t\t\t\t\t\t\t\t\t\t<a href=\"https:\/\/www.hessenpark.de\/en\/lexikon\/historische-gebaeude\/\">\r\n\t\t\t\t\t\t\t\t\t\t\t\t\t<img loading=\"lazy\" decoding=\"async\" src=\"https:\/\/www.hessenpark.de\/wp-content\/uploads\/Hessenpark_von_oben-380x380.jpg\"\r\n\t\t\t\t\t\t\t\t\t\t\t\t\t\t width=\"380\"\r\n\t\t\t\t\t\t\t\t\t\t\t\t\t\t height=\"380\"\r\n\t\t\t\t\t\t\t\t\t\t\t\t\t\t title=\"BG Mittelhessen_von oben\"\r\n\t\t\t\t\t\t\t\t\t\t\t\t\t\t alt=\"Blick auf die herbstliche Baugruppe Mittelhessen von oben\">\r\n\t\t\t\t\t\t\t\t\t\t\t\t<\/a>\r\n\t\t\t\t\t\t\t\t\t\t\t<\/figure>\r\n\t\t\t\t\t\t\t\t\t\t\t<div class=\"post-content\">\r\n\t\t\t\t\t\t\t\t\t\t\t\t\t\t\t\t\t\t\t\t\t\t\t\t<a class=\"imagelink\"\r\n\t\t\t\t\t\t\t\t\t\t\t\t   href=\"https:\/\/www.hessenpark.de\/en\/lexikon\/historische-gebaeude\/\"\r\n\t\t\t\t\t\t\t\t\t\t\t\t   title=\"Historic Buildings\"\r\n\t\t\t\t\t\t\t\t\t\t\t\t   aria-label=\"Historic Buildings\">\r\n\t\t\t\t\t\t\t\t\t\t\t\t\t\t\t\t\t\t\t\t\t\t\t\t\t\tHistoric Buildings\t\t\t\t\t\t\t\t\t\t\t\t\t\t\t\t\t\t\t\t\t\t\t\t\t<\/a>\r\n\t\t\t\t\t\t\t\t\t\t\t\t\t\t\t\t\t\t\t\t\t\t<\/div>\r\n\t\t\t\t\t\t\t\t\t\t<\/article>\r\n\t\t\t\t\t\t\t\t\t<\/div>\r\n\t\t\t\t\t\t\t\t\t\r\n\t\t\t\t\t\t\t\t\t\t\t\t\t\t\t\t\t<\/div>\r\n\t\t\t\t\t\t\t\t\t\t\t\t\t\t\t\t<div>\r\n\t\t\t\t\t\t\t\t\t<div class=\"loops-wrapper grid1 polaroid light-green\">\r\n\t\t\t\t\t\t\t\t\t\t<article\r\n\t\t\t\t\t\t\t\t\t\t\t\tclass=\"post clearfix type-post format-standard\">\r\n\t\t\t\t\t\t\t\t\t\t\t<figure class=\"post-image clearfix\">\r\n\t\t\t\t\t\t\t\t\t\t\t\t<a href=\"https:\/\/www.hessenpark.de\/en\/lexikon\/historische-kulturlandschaft\/\">\r\n\t\t\t\t\t\t\t\t\t\t\t\t\t<img loading=\"lazy\" decoding=\"async\" src=\"https:\/\/www.hessenpark.de\/wp-content\/uploads\/Walderlebnispfad-380x380.jpg\"\r\n\t\t\t\t\t\t\t\t\t\t\t\t\t\t width=\"380\"\r\n\t\t\t\t\t\t\t\t\t\t\t\t\t\t height=\"380\"\r\n\t\t\t\t\t\t\t\t\t\t\t\t\t\t title=\"Walderlebnispfad\"\r\n\t\t\t\t\t\t\t\t\t\t\t\t\t\t alt=\"Station des Walderlebnispfads\">\r\n\t\t\t\t\t\t\t\t\t\t\t\t<\/a>\r\n\t\t\t\t\t\t\t\t\t\t\t<\/figure>\r\n\t\t\t\t\t\t\t\t\t\t\t<div class=\"post-content\">\r\n\t\t\t\t\t\t\t\t\t\t\t\t\t\t\t\t\t\t\t\t\t\t\t\t<a class=\"imagelink\"\r\n\t\t\t\t\t\t\t\t\t\t\t\t   href=\"https:\/\/www.hessenpark.de\/en\/lexikon\/historische-kulturlandschaft\/\"\r\n\t\t\t\t\t\t\t\t\t\t\t\t   title=\"Historical Landscape\"\r\n\t\t\t\t\t\t\t\t\t\t\t\t   aria-label=\"Historical Landscape\">\r\n\t\t\t\t\t\t\t\t\t\t\t\t\t\t\t\t\t\t\t\t\t\t\t\t\t\tHistorical Landscape\t\t\t\t\t\t\t\t\t\t\t\t\t\t\t\t\t\t\t\t\t\t\t\t\t<\/a>\r\n\t\t\t\t\t\t\t\t\t\t\t\t\t\t\t\t\t\t\t\t\t\t<\/div>\r\n\t\t\t\t\t\t\t\t\t\t<\/article>\r\n\t\t\t\t\t\t\t\t\t<\/div>\r\n\t\t\t\t\t\t\t\t\t\r\n\t\t\t\t\t\t\t\t\t\t\t\t\t\t\t\t\t<\/div>\r\n\t\t\t\t\t\t\t\t\t\t\t\t\t\t\t\t<div>\r\n\t\t\t\t\t\t\t\t\t<div class=\"loops-wrapper grid1 polaroid light-green\">\r\n\t\t\t\t\t\t\t\t\t\t<article\r\n\t\t\t\t\t\t\t\t\t\t\t\tclass=\"post clearfix type-post format-standard\">\r\n\t\t\t\t\t\t\t\t\t\t\t<figure class=\"post-image clearfix\">\r\n\t\t\t\t\t\t\t\t\t\t\t\t<a href=\"https:\/\/www.hessenpark.de\/en\/lexikon\/dauerausstellungen\/\">\r\n\t\t\t\t\t\t\t\t\t\t\t\t\t<img loading=\"lazy\" decoding=\"async\" src=\"https:\/\/www.hessenpark.de\/wp-content\/uploads\/Buchstaben_Satz_Druckerei-e1484235694124-380x380.jpg\"\r\n\t\t\t\t\t\t\t\t\t\t\t\t\t\t width=\"380\"\r\n\t\t\t\t\t\t\t\t\t\t\t\t\t\t height=\"380\"\r\n\t\t\t\t\t\t\t\t\t\t\t\t\t\t title=\"Buchstaben_Satz_Druckerei\"\r\n\t\t\t\t\t\t\t\t\t\t\t\t\t\t alt=\"Buchstabensatz in der Druckerei\">\r\n\t\t\t\t\t\t\t\t\t\t\t\t<\/a>\r\n\t\t\t\t\t\t\t\t\t\t\t<\/figure>\r\n\t\t\t\t\t\t\t\t\t\t\t<div class=\"post-content\">\r\n\t\t\t\t\t\t\t\t\t\t\t\t\t\t\t\t\t\t\t\t\t\t\t\t<a class=\"imagelink\"\r\n\t\t\t\t\t\t\t\t\t\t\t\t   href=\"https:\/\/www.hessenpark.de\/en\/lexikon\/dauerausstellungen\/\"\r\n\t\t\t\t\t\t\t\t\t\t\t\t   title=\"Permanent exhibitions\"\r\n\t\t\t\t\t\t\t\t\t\t\t\t   aria-label=\"Permanent exhibitions\">\r\n\t\t\t\t\t\t\t\t\t\t\t\t\t\t\t\t\t\t\t\t\t\t\t\t\t\tPermanent exhibitions\t\t\t\t\t\t\t\t\t\t\t\t\t\t\t\t\t\t\t\t\t\t\t\t\t<\/a>\r\n\t\t\t\t\t\t\t\t\t\t\t\t\t\t\t\t\t\t\t\t\t\t<\/div>\r\n\t\t\t\t\t\t\t\t\t\t<\/article>\r\n\t\t\t\t\t\t\t\t\t<\/div>\r\n\t\t\t\t\t\t\t\t\t\r\n\t\t\t\t\t\t\t\t\t\t\t\t\t\t\t\t\t<\/div>\r\n\t\t\t\t\t\t\t\t\t\t\t\t\t<\/div>\r\n\t\t\t\t\t\t\t\t\t\t\t<div class=\"slick-navigation\">\r\n\t\t\t\t\t\t\t<div class=\"prev prev-slide-carousel-\">\r\n\t\t\t\t\t\t\t<\/div>\r\n\t\t\t\t\t\t\t<div class=\"slide-m-dots-carousel-\">\r\n\t\t\t\t\t\t\t<\/div>\r\n\t\t\t\t\t\t\t<div class=\"next next-slide-carousel-\">\r\n\t\t\t\t\t\t\t<\/div>\r\n\t\t\t\t\t\t<\/div>\r\n\t\t\t\t\t\t\t\t\t<\/div>\r\n\t\t\t<\/div>\r\n\t\t<\/div>\r\n\t<\/div>\r\n\r\n\r\n","protected":false},"excerpt":{"rendered":"","protected":false},"author":13,"featured_media":0,"parent":10057,"menu_order":10,"comment_status":"closed","ping_status":"closed","template":"","meta":{"_acf_changed":false,"inline_featured_image":false,"footnotes":""},"class_list":["post-10123","page","type-page","status-publish","hentry"],"acf":[],"_links":{"self":[{"href":"https:\/\/www.hessenpark.de\/en\/wp-json\/wp\/v2\/pages\/10123","targetHints":{"allow":["GET"]}}],"collection":[{"href":"https:\/\/www.hessenpark.de\/en\/wp-json\/wp\/v2\/pages"}],"about":[{"href":"https:\/\/www.hessenpark.de\/en\/wp-json\/wp\/v2\/types\/page"}],"author":[{"embeddable":true,"href":"https:\/\/www.hessenpark.de\/en\/wp-json\/wp\/v2\/users\/13"}],"replies":[{"embeddable":true,"href":"https:\/\/www.hessenpark.de\/en\/wp-json\/wp\/v2\/comments?post=10123"}],"version-history":[{"count":18,"href":"https:\/\/www.hessenpark.de\/en\/wp-json\/wp\/v2\/pages\/10123\/revisions"}],"predecessor-version":[{"id":95872,"href":"https:\/\/www.hessenpark.de\/en\/wp-json\/wp\/v2\/pages\/10123\/revisions\/95872"}],"up":[{"embeddable":true,"href":"https:\/\/www.hessenpark.de\/en\/wp-json\/wp\/v2\/pages\/10057"}],"wp:attachment":[{"href":"https:\/\/www.hessenpark.de\/en\/wp-json\/wp\/v2\/media?parent=10123"}],"curies":[{"name":"wp","href":"https:\/\/api.w.org\/{rel}","templated":true}]}}