{"id":10773,"date":"2015-10-27T15:24:45","date_gmt":"2015-10-27T14:24:45","guid":{"rendered":"http:\/\/www.hessenpark.de\/en\/impressum\/"},"modified":"2025-03-25T18:04:45","modified_gmt":"2025-03-25T17:04:45","slug":"legalnotice","status":"publish","type":"page","link":"https:\/\/www.hessenpark.de\/en\/legalnotice\/","title":{"rendered":"Legal notice"},"content":{"rendered":"<div class=\"container-fluid no-background-color\">\r\n\t<div class=\"container simple_content\">\r\n\t\t<div class=\"row\">\r\n\t\t\t<div class=\"col-12\">\r\n\t\t\t\t<div class=\" \">\r\n\t\t\t\t\t<h1 class=\"text-blue\" style=\"text-align: center;\">Legal Notice<\/h1>\n\t\t\t\t<\/div>\r\n\t\t\t<\/div>\r\n\t\t<\/div>\r\n\t<\/div>\r\n<\/div>\n\n<div class=\"container-fluid no-background-color\" id=\"details_in_accordance_with_section_5_of_the_digital_services_act_(ddg)_\">\r\n\t<div class=\"container headline\">\r\n\t\t<div class=\"row\">\r\n\t\t\t<div class=\"col-12 text-left\">\r\n\t\t\t\t<h2 class=\"text-black\">\r\n\t\t\t\tDetails in accordance with section 5 of the Digital Services Act (DDG) :\t\t\t<\/h2>\r\n\t\t<\/div>\r\n\t<\/div>\r\n<\/div>\r\n<\/div>\n\n<div class=\"container-fluid no-background-color\">\r\n\t<div class=\"container simple_content\">\r\n\t\t<div class=\"row\">\r\n\t\t\t<div class=\"col-12\">\r\n\t\t\t\t<div class=\" \">\r\n\t\t\t\t\t<p><strong>Provider identification<\/strong><br \/>\nThe Freilichtmuseum Hessenpark gGmbH -Museum of Everyday Culture of the State of Hesse is a company recognised by the German Federal State of Hesse and is represented by its managing director, Jens Scheller. This limited liability company (GmbH) is listed in the registration court district court Bad Homburg v.d. H\u00f6he under register number HRB 8212. Responsible for the content in accordance with section 55 (2) of the German Interstate Broadcasting Treaty: Jens Scheller<\/p>\n<p><strong>Our adress is:<\/strong><br \/>\nFreilichtmuseum Hessenpark gGmbH, Laubweg 5,\u202861267 Neu- Anspach<br \/>\nThe webpage can be accessed at<a href=\"http:\/\/www.hessenpark.de\/en\/\"> www.hessenpark.de<\/a><br \/>\nContact can be made electronically using the e-mail address <a href=\"mailto:service@hessenpark.de\">service@hessenpark.de<\/a>.<\/p>\n<p>The Hessenpark Open Air Museum can be contacted by telephone and fax on: Tel.+49 (0)6081 588-0 Fax +49 (0)6081 588-111<\/p>\n<p>Our value added tax identification number in accordance with paragraph 27a of the German VAT Act is: DE 246309963<\/p>\n\t\t\t\t<\/div>\r\n\t\t\t<\/div>\r\n\t\t<\/div>\r\n\t<\/div>\r\n<\/div>\n\n<div class=\"container-fluid no-background-color\">\r\n\t<div class=\"container simple_content\">\r\n\t\t<div class=\"row\">\r\n\t\t\t<div class=\"col-12\">\r\n\t\t\t\t<div class=\"  with-border\">\r\n\t\t\t\t\t<h2>Terms of use \/ limitation of liability<\/h2>\n<p>We have prepared the information contained on this website carefully, and check and up-date it regularly. However, we cannot accept any responsibility for the correctness, up-to-dateness, completeness and on-going availability of our content. We also do not vouch for the fact that our website\u2019s content is suitable for the user and his\/her purposes. We give information, advice, recommendations or explanations exclusively within the context of personal communication. We do not endorse in any way content offered by third parties, even if we indicate such content by means of hyperlinks. The content, design and structure of our internet offering are protected by copyright. The information, texts and images provided by us are only for the individual access of the users of our website and may only be reproduced with our consent and used for business purposes. The placing of hyperlinks, in particular deep links, inline links or links in frame technology, on one of our web pages is permitted only with our prior written consent. We reserve the right to amend, expand, reduce or even completely discontinue our internet offering at any time. Our internet offering is intended for the territory of the Federal Republic of Germany and is based on the German legal system.<\/p>\n\t\t\t\t<\/div>\r\n\t\t\t<\/div>\r\n\t\t<\/div>\r\n\t<\/div>\r\n<\/div>\n\n<div class=\"container-fluid no-background-color\">\r\n\t<div class=\"container simple_content\">\r\n\t\t<div class=\"row\">\r\n\t\t\t<div class=\"col-12\">\r\n\t\t\t\t<div class=\"  with-border\">\r\n\t\t\t\t\t<h2>Links to other websites<\/h2>\n<p>&nbsp;<\/p>\n<p>As operators of this website, we have no influence over the content design of linked pages. These have been carefully checked before activating the links. Nevertheless, it cannot be ruled out that the content of these pages has been altered by the operators of the respective pages and that they violate the applicable law or our philosophy.<\/p>\n<p>Links to other websites displayed on our website may collect user data if you click on them or otherwise follow their instructions. We do not have any control over the data that is collected voluntarily or involuntarily through advertisements or websites of third parties. We generally recommend that you look at the privacy policies of website if you have any concerns regarding collection or use of your data.<\/p>\n<p>&nbsp;<\/p>\n\t\t\t\t<\/div>\r\n\t\t\t<\/div>\r\n\t\t<\/div>\r\n\t<\/div>\r\n<\/div>\n\n<div class=\"container-fluid no-background-color\">\r\n\t<div class=\"container two-col-section\">\r\n\t\t<div class=\"row row-eq-height \">\r\n\t\t\t\t\t\t<div class=\"col-12 col-md-6  \">\t\t\t\t\t\t\t\t\t\t\t\t<div class=\"with-button  with-border\"\r\n\t\t\t\t\t\t\t data-aos=\"keine Animation\">\r\n\t\t\t\t\t\t\t\t\t\t\t\t\t\t\t<div class=\"feature-box\">\r\n\t\t\t\t\t\t\t\t\t<div class=\"feature-box--inner\">\r\n\t\t\t\t\t\t\t\t\t\t\t\t\t\t\t\t\t\t\t\t\t<h2>Content<\/h2>\r\n\t\t\t\t\t\t\t\t\t\t\t\t\t\t\t\t\t\t\t\t\r\n\t\t\t\t\t\t\t\t\t\t\t\t\t\t\t\t\t\t\t\t\r\n\t\t\t\t\t\t\t\t\t\t<div class=\"feature-box-content\"><p>The information held on www.hessenpark.de has been carefully prepared. However, we accept no liability for it being correct, complete or up-to-date.<\/p>\n<\/div>\r\n\t\t\t\t\t\t\t\t\t\t\r\n\t\t\t\t\t\t\t\t\t\t\t\t\t\t\t\t\t\t\t<\/div>\r\n\t\t\t\t\t\t\t\t<\/div>\r\n\t\t\t\t\t\t\t\t\t\t\t\t\t\t<\/div>\r\n\t\t\t\t\t<\/div>\r\n\t\t\t\t\t\t\t\t\t\t<div class=\"col-12 col-md-6  \">\t\t\t\t\t\t\t\t\t\t\t\t\t\t\t\t<div class=\"with-button  with-border\"\r\n\t\t\t\t\t\t\t\t\t data-aos=\"keine Animation\">\r\n\t\t\t\t\t\t\t\t\t\t\t\t\t\t\t\t\t\t\t<div class=\"feature-box\">\r\n\t\t\t\t\t\t\t\t\t\t\t<div class=\"feature-box--inner\">\r\n\t\t\t\t\t\t\t\t\t\t\t\t\t\t\t\t\t\t\t\t\t\t\t\t\t<h2>Copyright<\/h2>\r\n\t\t\t\t\t\t\t\t\t\t\t\t\t\t\t\t\t\t\t\t\t\t\t\t\r\n\t\t\t\t\t\t\t\t\t\t\t\t\r\n\t\t\t\t\t\t\t\t\t\t\t\t<div class=\"feature-box-content\"><p>Alle unter www.hessenpark.de ver\u00f6ffentlichten Informationen und Beitr\u00e4ge sind urheberrechtlich gesch\u00fctzt.<\/p>\n<\/div>\r\n\r\n\t\t\t\t\t\t\t\t\t\t\t\t\t\t\t\t\t\t\t\t\t\t\t\t<\/div>\r\n\t\t\t\t\t\t\t\t\t\t<\/div>\r\n\t\t\t\t\t\t\t\t\t\t\t\t\t\t\t\t\t\t<\/div>\r\n\t\t\t\t\t\t\t<\/div>\r\n\t\t\t\t\t\t<\/div>\r\n\t\t\t\t\t<\/div>\r\n\t\t\t\t<\/div>\n\n<div class=\"container-fluid no-background-color\">\r\n\t<div class=\"container simple_content\">\r\n\t\t<div class=\"row\">\r\n\t\t\t<div class=\"col-12\">\r\n\t\t\t\t<div class=\"with-button  with-border\">\r\n\t\t\t\t\t<h2>Corporate governance report<\/h2>\n<p>The Hessenpark Open Air Museum, as an institution completely owned by the state, is obliged to apply the Public Corporate Governance Code (PCGK). The PCGK presents essential rules and recommendations for action for the control, management and monitoring of the company.<\/p>\n<a href=\"https:\/\/www.hessenpark.de\/wp-content\/uploads\/Corporate-Governance-Bericht_2019.pdf\"  class=\"buttom-modul-actiontext button button-default \"  title=\"To the corporate governance report (in German)\" \r\n                  aria-label=\"To the corporate governance report (in German)\">To the corporate governance report (in German) <i class=\"fas fa-chevron-right\"><\/i>\r\n      <\/a>\t\t\t\t<\/div>\r\n\t\t\t<\/div>\r\n\t\t<\/div>\r\n\t<\/div>\r\n<\/div>","protected":false},"excerpt":{"rendered":"","protected":false},"author":13,"featured_media":0,"parent":0,"menu_order":701,"comment_status":"closed","ping_status":"closed","template":"","meta":{"_acf_changed":false,"inline_featured_image":false,"footnotes":""},"class_list":["post-10773","page","type-page","status-publish","hentry"],"acf":[],"_links":{"self":[{"href":"https:\/\/www.hessenpark.de\/en\/wp-json\/wp\/v2\/pages\/10773","targetHints":{"allow":["GET"]}}],"collection":[{"href":"https:\/\/www.hessenpark.de\/en\/wp-json\/wp\/v2\/pages"}],"about":[{"href":"https:\/\/www.hessenpark.de\/en\/wp-json\/wp\/v2\/types\/page"}],"author":[{"embeddable":true,"href":"https:\/\/www.hessenpark.de\/en\/wp-json\/wp\/v2\/users\/13"}],"replies":[{"embeddable":true,"href":"https:\/\/www.hessenpark.de\/en\/wp-json\/wp\/v2\/comments?post=10773"}],"version-history":[{"count":3,"href":"https:\/\/www.hessenpark.de\/en\/wp-json\/wp\/v2\/pages\/10773\/revisions"}],"predecessor-version":[{"id":103186,"href":"https:\/\/www.hessenpark.de\/en\/wp-json\/wp\/v2\/pages\/10773\/revisions\/103186"}],"wp:attachment":[{"href":"https:\/\/www.hessenpark.de\/en\/wp-json\/wp\/v2\/media?parent=10773"}],"curies":[{"name":"wp","href":"https:\/\/api.w.org\/{rel}","templated":true}]}}