{"id":91505,"date":"2023-01-19T12:56:54","date_gmt":"2023-01-19T11:56:54","guid":{"rendered":"https:\/\/www.hessenpark.de\/?page_id=91505"},"modified":"2023-04-04T17:52:09","modified_gmt":"2023-04-04T15:52:09","slug":"special-exhibition-2022","status":"publish","type":"page","link":"https:\/\/www.hessenpark.de\/en\/special-exhibition-2022\/","title":{"rendered":"Special exhibition 2022"},"content":{"rendered":"<div class=\"container-fluid no-background-color\" id=\"special_exhibition_2022\">\r\n\t<div class=\"container headline\">\r\n\t\t<div class=\"row\">\r\n\t\t\t<div class=\"col-12 text-center\">\r\n\t\t\t\t<h1 class=\"text-pink\">\r\n\t\t\t\tSpecial exhibition 2022\t\t\t<\/h1>\r\n\t\t<\/div>\r\n\t<\/div>\r\n<\/div>\r\n<\/div>\n\n<div class=\"container-fluid no-background-color\">\r\n\t<div class=\"container two-col-section\">\r\n\t\t<div class=\"row row-eq-height \">\r\n\t\t\t\t\t\t<div class=\"col-12 col-md-6  \">\t\t\t\t\t\t\t\t\t\t\t\t<div class=\"with-button  without-border\"\r\n\t\t\t\t\t\t\t data-aos=\"keine Animation\">\r\n\t\t\t\t\t\t\t\t\t\t\t\t\t\t\t<div class=\"feature-box\">\r\n\t\t\t\t\t\t\t\t\t<div class=\"feature-box--inner\">\r\n\t\t\t\t\t\t\t\t\t\t\t\t\t\t\t\t\t\t\t\t\t<h2>Inside Hesse\u2019s Attic. Collectables or Junk?<\/h2>\r\n\t\t\t\t\t\t\t\t\t\t\t\t\t\t\t\t\t\t\t\t\r\n\t\t\t\t\t\t\t\t\t\t\t\t\t\t\t\t\t\t\t\t\t<div class=\"feature-box--image-container\">\r\n\t\t\t\t\t\t\t\t\t\t\t\t\t\t\t\t\t\t\t\t\t\t\t\t\t<img decoding=\"async\" src=\"https:\/\/www.hessenpark.de\/wp-content\/uploads\/Hessens-Dachboden-1500x1500-1.jpg\" alt=\"Leitmotiv zur Ausstellung &quot;Hessens Dachb\u00f6den&quot;, 9 Quadrate mit verschiedenen Gegenst\u00e4nden wie B\u00fcgeleisen, Bembel, Bobbycar, Topf, Spiel\" \/>\r\n\t\t\t\t\t\t\t\t\t\t\t\t\t\t\t\t\t\t\t\t\t\t\t\t<\/div>\r\n\t\t\t\t\t\t\t\t\t\t\t\t\t\t\t\t\t\t\t\t\r\n\t\t\t\t\t\t\t\t\t\t<div class=\"feature-box-content\"><p>Everyday culture involves everything we use and do. Evidence of daily life can be found in our personal possessions, at work, down in our basements and up in our attic. Some things become obsolete, while others retain their value over generations.<\/p>\n<p>The Hessenpark Open Air Museum\u2019s collection contains approximately 200,000 objects and is an archive of everyday culture. This exhibition offers an insight into the diversity of the objects and also focuses on their scientific processing. How do restorers determine the age of a building? What should be collected next? These and other questions will be answered in the exhibition.<\/p>\n<p><strong>April 3 \u2013 November 27, 2022, Stable Barn from Asterode<\/strong><\/p>\n<\/div>\r\n\t\t\t\t\t\t\t\t\t\t\r\n\t\t\t\t\t\t\t\t\t\t\t\t\t\t\t\t\t\t\t<\/div>\r\n\t\t\t\t\t\t\t\t<\/div>\r\n\t\t\t\t\t\t\t\t\t\t\t\t\t\t<\/div>\r\n\t\t\t\t\t<\/div>\r\n\t\t\t\t\t\t\t\t\t\t<div class=\"col-12 col-md-6  \">\t\t\t\t\t\t\t\t\t\t\t\t\t\t\t\t<div class=\"with-button  without-border\"\r\n\t\t\t\t\t\t\t\t\t data-aos=\"keine Animation\">\r\n\t\t\t\t\t\t\t\t\t\t\t\t\t\t\t\t\t\t\t<div class=\"feature-box\">\r\n\t\t\t\t\t\t\t\t\t\t\t<div class=\"feature-box--inner\">\r\n\t\t\t\t\t\t\t\t\t\t\t\t\t\t\t\t\t\t\t\t\t\t\t\t\t<h2>New Light. Early Photography in and around the Taunus<\/h2>\r\n\t\t\t\t\t\t\t\t\t\t\t\t\t\t\t\t\t\t\t\t\t\t\t\t\r\n\t\t\t\t\t\t\t\t\t\t\t\t\t\t\t\t\t\t\t\t\t\t\t\t\t<div class=\"feature-box--image-container\">\r\n\t\t\t\t\t\t\t\t\t\t\t\t\t\t\t\t\t\t\t\t\t\t\t\t\t\t\t\t\t\t<img decoding=\"async\" src=\"https:\/\/www.hessenpark.de\/wp-content\/uploads\/GemuendenWohra_quad.jpg\" alt=\"\" \/>\r\n\t\t\t\t\t\t\t\t\t\t\t\t\t\t\t\t\t\t\t\t\t\t\t\t\t\t\t\t\t<\/div>\r\n\t\t\t\t\t\t\t\t\t\t\t\t\r\n\t\t\t\t\t\t\t\t\t\t\t\t<div class=\"feature-box-content\"><p>In 1839, Daguerre and Ni\u00e9pce went public with the very first photography process. Fox Talbot made it possible to duplicate these unique prints by making copies from the negative. With the introduction of the wet collodion process in 1851, it was possible to produce negatives on glass. Whilst enlargements were initially salt paper prints, they were printed on albumen (egg white) paper from around the 1860s onwards.<\/p>\n<p>Early photographers from the region like Carl Friedrich Mylius from Frankfurt often photographed townscapes and landscapes. This exhibition showcases photographs from the period taken around Germany\u2019s Taunus mountains, spanning from Marburg to Darmstadt and Wiesbaden to Gelnhausen. Also on display is early portrait photography as well as the technology in use at the time, including the sliding-box and cartes-de-visite cameras.<\/p>\n<p><strong>March 13 \u2013 November 27, 2022 House from Gem\u00fcnden (Wohra) \/ Photography House<\/strong><\/p>\n<\/div>\r\n\r\n\t\t\t\t\t\t\t\t\t\t\t\t\t\t\t\t\t\t\t\t\t\t\t\t<\/div>\r\n\t\t\t\t\t\t\t\t\t\t<\/div>\r\n\t\t\t\t\t\t\t\t\t\t\t\t\t\t\t\t\t\t<\/div>\r\n\t\t\t\t\t\t\t<\/div>\r\n\t\t\t\t\t\t<\/div>\r\n\t\t\t\t\t<\/div>\r\n\t\t\t\t<\/div>\n\n<div class=\"container-fluid no-background-color\">\r\n\t<div class=\"container two-col-section\">\r\n\t\t<div class=\"row row-eq-height align-items-center\">\r\n\t\t\t\t\t\t<div class=\"col-12 col-md-6  \">\t\t\t\t\t\t\t\t\t\t\t\t<div class=\"with-button  without-border\"\r\n\t\t\t\t\t\t\t data-aos=\"keine Animation\">\r\n\t\t\t\t\t\t\t\t\t\t\t\t\t\t\t<div class=\"feature-box\">\r\n\t\t\t\t\t\t\t\t\t<div class=\"feature-box--inner\">\r\n\t\t\t\t\t\t\t\t\t\t\t\t\t\t\t\t\t\t\t\t\t<h2>IT&#8217;S NICE HERE. ARCHITECTURE IN THE COUNTRY<\/h2>\r\n\t\t\t\t\t\t\t\t\t\t\t\t\t\t\t\t\t\t\t\t\r\n\t\t\t\t\t\t\t\t\t\t\t\t\t\t\t\t\t\t\t\t\t<div class=\"feature-box--image-container\">\r\n\t\t\t\t\t\t\t\t\t\t\t\t\t\t\t\t\t\t\t\t\t\t\t\t\t<img decoding=\"async\" src=\"https:\/\/www.hessenpark.de\/wp-content\/uploads\/BuechereiGundelsheim_quad.jpg\" alt=\"\" \/>\r\n\t\t\t\t\t\t\t\t\t\t\t\t\t\t\t\t\t\t\t\t\t\t\t\t<\/div>\r\n\t\t\t\t\t\t\t\t\t\t\t\t\t\t\t\t\t\t\t\t\r\n\t\t\t\t\t\t\t\t\t\t<div class=\"feature-box-content\"><h2>IT&#8217;S NICE HERE. ARCHITECTURE IN THE COUNTRY<\/h2>\n<p><strong>The project is being generously supported by the German Federal Ministry of Food and Agriculture.<\/strong><\/p>\n<p>Rural regions and their architecture receive far too little attention. This exhibition sets out to change that. A wealth of realized projects demonstrate what high-quality architecture awaits discovery in the countryside. Where architecture can contribute much to the good life. Houses, office and agricultural buildings, workshops, converted barns, inns, village stores, vineyards, hotels, museums, concert halls, libraries, chapels, sports venues, and public transportation facilities, schools and town halls all visualize this strikingly. The show\u2019s geographical emphasis is on Germany, Austria, and Switzerland, but it also showcases exemplary projects from elsewhere in Europe. The exhibition is rounded out by highlighting regions and places where architecture has played a special role in their overall development, be it as they grew or as they contracted. In-depth considerations of the how construction projects are realized, of the key building typologies, and of infrastructure provide answers to the question: What can we learn from architecture in the countryside?<\/p>\n<p><strong>March 27, 2022 &#8211; April 2, 2023, Farmstead from Emstal\/Sand<\/strong><\/p>\n<\/div>\r\n\t\t\t\t\t\t\t\t\t\t\r\n\t\t\t\t\t\t\t\t\t\t\t\t\t\t\t\t\t\t\t<\/div>\r\n\t\t\t\t\t\t\t\t<\/div>\r\n\t\t\t\t\t\t\t\t\t\t\t\t\t\t<\/div>\r\n\t\t\t\t\t<\/div>\r\n\t\t\t\t\t\t\t\t\t\t<div class=\"col-12 col-md-6  \">\t\t\t\t\t\t\t\t\t\t\t\t\t\t\t\t<div class=\"with-button  without-border\"\r\n\t\t\t\t\t\t\t\t\t data-aos=\"keine Animation\">\r\n\t\t\t\t\t\t\t\t\t\t\t\t\t\t\t\t\t<\/div>\r\n\t\t\t\t\t\t\t<\/div>\r\n\t\t\t\t\t\t<\/div>\r\n\t\t\t\t\t<\/div>\r\n\t\t\t\t<\/div>","protected":false},"excerpt":{"rendered":"","protected":false},"author":35,"featured_media":0,"parent":0,"menu_order":0,"comment_status":"closed","ping_status":"closed","template":"","meta":{"_acf_changed":false,"inline_featured_image":false,"footnotes":""},"class_list":["post-91505","page","type-page","status-publish","hentry"],"acf":[],"_links":{"self":[{"href":"https:\/\/www.hessenpark.de\/en\/wp-json\/wp\/v2\/pages\/91505","targetHints":{"allow":["GET"]}}],"collection":[{"href":"https:\/\/www.hessenpark.de\/en\/wp-json\/wp\/v2\/pages"}],"about":[{"href":"https:\/\/www.hessenpark.de\/en\/wp-json\/wp\/v2\/types\/page"}],"author":[{"embeddable":true,"href":"https:\/\/www.hessenpark.de\/en\/wp-json\/wp\/v2\/users\/35"}],"replies":[{"embeddable":true,"href":"https:\/\/www.hessenpark.de\/en\/wp-json\/wp\/v2\/comments?post=91505"}],"version-history":[{"count":3,"href":"https:\/\/www.hessenpark.de\/en\/wp-json\/wp\/v2\/pages\/91505\/revisions"}],"predecessor-version":[{"id":93008,"href":"https:\/\/www.hessenpark.de\/en\/wp-json\/wp\/v2\/pages\/91505\/revisions\/93008"}],"wp:attachment":[{"href":"https:\/\/www.hessenpark.de\/en\/wp-json\/wp\/v2\/media?parent=91505"}],"curies":[{"name":"wp","href":"https:\/\/api.w.org\/{rel}","templated":true}]}}